{"id":6299,"date":"2025-06-18T20:48:02","date_gmt":"2025-06-18T20:48:02","guid":{"rendered":"https:\/\/nacht-lust.com\/produkts\/blau-v-force\/"},"modified":"2024-06-11T15:31:23","modified_gmt":"2024-06-11T15:31:23","slug":"blau-v-force","status":"publish","type":"product","link":"https:\/\/herbal-v.com\/de\/produkts\/blau-v-force\/","title":{"rendered":"Blaue M\u00e4nner Pillen V-Force 100mg"},"content":{"rendered":"<p>Blue Men Pillen V-Force 100 mg Libido M\u00e4nner Sexuelle Leistungsteigerung<\/p>\n<p>Viagra Cenforce ist das neueste pharmazeutische Produkt, das zur Behandlung aller Arten von erektiler Dysfunktion entwickelt wurde. Dieses Medikament wird von der Firma Centurion Labs hergestellt und \u00e4hnelt dem ber\u00fchmten Viagra und hat eine Dosierung des Wirkstoffs Sildenafil 100 mg.<\/p>\n<p><strong>Was ist Cenforce 100Mg?<\/strong><\/p>\n<p>Cenforce 100 (Sildenafilcitrat), auch bekannt als die blaue Pille, ist ein Mittel gegen sexuelle Impotenz bei M\u00e4nnern. Diese Pille f\u00f6rdert die Blutzirkulation im Penis und hilft M\u00e4nnern, eine starke Erektion zu erreichen und aufrechtzuerhalten.<\/p>\n<p>Wenn Sie sich fragen, ob dies (Sildenafilcitrat) ein Zaubertrank f\u00fcr das Sexualleben sein kann. Dieser Blog wird Ihnen gen\u00fcgend Informationen liefern, um Ihnen bei Ihren Entscheidungen zu helfen. Ein perfektes Sexualleben ist etwas, das jeder Mensch erwartet und braucht. Aber wenn jemand an einem Problem wie ED leidet, kann das eine Barriere zwischen Ihren Erwartungen und Ihrem Gl\u00fcck sein.<\/p>\n<p>Es ist sehr wirksam bei der Behandlung von Erektionsproblemen. Es wird von Centurion Laboratories hergestellt. Sildenafilcitrat ist ein chemischer Bestandteil von Cenforce als Viagra.<\/p>\n<p>Dieses Medikament enth\u00e4lt Sildenafil, was es zu einem PDE5-Hemmer macht. Das ist eine allgemein von \u00c4rzten verschriebene ED-Pille zur Behandlung der erektilen Dysfunktion (Impotenz) bei M\u00e4nnern.<\/p>\n<p>Auf Anraten des Arztes k\u00f6nnen diese Pillen nur von 18 bis 64 Jahren eingenommen werden.<\/p>\n<p><strong>Cenforce 100Mg Zusammensetzung<\/strong><\/p>\n<p>Sildenafil-Zitrat<\/p>\n<p><strong>Cenforce 100Mg Firmenname<\/strong><\/p>\n<p>Centurion Laboratorien, Indien<\/p>\n<p><strong>Cenforce 100Mg Verwendungszweck<\/strong><\/p>\n<p>Dieses Medikament wird im Allgemeinen zur Behandlung von leichten Herzbeschwerden und Impotenzproblemen eingesetzt.<\/p>\n<p>Es wird von den meisten als wunderbare Alternative zu Viagra angesehen und kann ohne weiteres zur Bek\u00e4mpfung Ihrer ED-Probleme eingesetzt werden.<\/p>\n<p>Die 100-mg-Dosis des Medikaments erm\u00f6glicht es den Konsumenten, bei sexueller Stimulation selbst eine Erektion zu bekommen und aufrechtzuerhalten. Diese Eigenschaft der Medikamente sorgt daf\u00fcr, dass sie von Menschen aller Generationen weitgehend akzeptiert werden.<\/p>\n<p>Die l\u00e4nger anhaltende Erektion kann ein zus\u00e4tzlicher Vorteil der Einnahme von The Cenforce 100 Tabletten sein. Die Wirkung des Medikaments h\u00e4lt 4 bis 7 Tage an.<\/p>\n<p><strong>Wie nehmen Sie Cenforce 100Mg ein?<\/strong><\/p>\n<p>Sprechen Sie unbedingt mit Ihrem Arzt \u00fcber alle Medikamente, die Sie aus einem Glas Wasser einnehmen, sowie \u00fcber andere medizinische Probleme. Die Einnahme der Pille zusammen mit einer schweren Di\u00e4t kann die Absorption der Pille verlangsamen, so dass es einige Zeit dauern kann, bis die Wirkung einsetzt. Es ist also gut, seinen leeren Magen zu essen. Diese Pille sollte innerhalb einer Stunde vor dem geplanten Geschlechtsverkehr eingenommen werden, da das Medikament die l\u00e4ngste Zeit braucht, um das Blut zu verdauen, um bessere Ergebnisse zu erzielen. In der Regel k\u00f6nnen Sie den Zustand in etwa 30 Minuten erreichen, was etwa 4 Stunden dauert. . jedes Mal, wenn Sie sexuell stimuliert werden.<\/p>\n<p>Die Tabletten sollten bis zum Gebrauch in der Blisterpackung aufbewahrt und an einem k\u00fchlen, trockenen Ort unter 30\u00b0C gelagert werden. Nehmen Sie die Tabletten nicht allein mit fettreichem Alkohol oder Essen ein, da es eine Weile dauert, bis sie wirken.<\/p>\n<p><strong>Wie wirkt Cenforce 100Mg?<\/strong><\/p>\n<p>Es wird am ganzen K\u00f6rper angewendet. Die steifen Muskeln entspannen sich allm\u00e4hlich, um die Blutgef\u00e4\u00dfe zum Stillstand zu bringen.<\/p>\n<p>Erektile Dysfunktion ist dadurch gekennzeichnet, dass das Penisorgan nach dem Aufwachen eines Mannes nicht mehr ausreichend durchblutet wird. Nach dieser ersten Phase kann der Mann bis zu 5 Stunden stehen, wenn er zufriedenstellend wach ist. Normalerweise verschwinden die Symptome der erektilen Dysfunktion immer dann, wenn diese Krankheiten behandelt werden.<\/p>\n<p>Diese Tablette wirkt nicht bei Menschen, die sexuell erregt sind. Dar\u00fcber hinaus kann es auch zur Behandlung der pulmonalen arteriellen Hypertonie eingesetzt werden und wirkt, indem es den Blutdruck in den Blutgef\u00e4\u00dfen senkt.<\/p>\n<p>Es enth\u00e4lt Sildenafil-Zitrat, das zur Behandlung von Erektionsst\u00f6rungen eingesetzt wird. Das Medikament ist ein PDE5-Hemmer, der durch Hemmung der Aktivit\u00e4t des PDE5-Enzyms wirkt.<\/p>\n","protected":false},"excerpt":{"rendered":"<p>Blue Men Pillen V-Force 100 mg Libido M\u00e4nner Sexuelle Leistungsteigerung Viagra Cenforce ist das neueste pharmazeutische Produkt, das zur Behandlung aller Arten von erektiler Dysfunktion entwickelt wurde. Dieses Medikament wird&hellip;<\/p>\n","protected":false},"featured_media":5870,"comment_status":"closed","ping_status":"closed","template":"","meta":[],"product_brand":[],"product_cat":[279],"product_tag":[],"class_list":{"0":"post-6299","1":"product","2":"type-product","3":"status-publish","4":"has-post-thumbnail","6":"product_cat-sildenafil-tabletten","8":"first","9":"instock","10":"shipping-taxable","11":"purchasable","12":"product-type-variable"},"_links":{"self":[{"href":"https:\/\/herbal-v.com\/de\/wp-json\/wp\/v2\/product\/6299","targetHints":{"allow":["GET"]}}],"collection":[{"href":"https:\/\/herbal-v.com\/de\/wp-json\/wp\/v2\/product"}],"about":[{"href":"https:\/\/herbal-v.com\/de\/wp-json\/wp\/v2\/types\/product"}],"replies":[{"embeddable":true,"href":"https:\/\/herbal-v.com\/de\/wp-json\/wp\/v2\/comments?post=6299"}],"wp:featuredmedia":[{"embeddable":true,"href":"https:\/\/herbal-v.com\/de\/wp-json\/wp\/v2\/media\/5870"}],"wp:attachment":[{"href":"https:\/\/herbal-v.com\/de\/wp-json\/wp\/v2\/media?parent=6299"}],"wp:term":[{"taxonomy":"product_brand","embeddable":true,"href":"https:\/\/herbal-v.com\/de\/wp-json\/wp\/v2\/product_brand?post=6299"},{"taxonomy":"product_cat","embeddable":true,"href":"https:\/\/herbal-v.com\/de\/wp-json\/wp\/v2\/product_cat?post=6299"},{"taxonomy":"product_tag","embeddable":true,"href":"https:\/\/herbal-v.com\/de\/wp-json\/wp\/v2\/product_tag?post=6299"}],"curies":[{"name":"wp","href":"https:\/\/api.w.org\/{rel}","templated":true}]}}