{"id":6281,"date":"2025-06-18T20:48:01","date_gmt":"2025-06-18T20:48:01","guid":{"rendered":"https:\/\/nacht-lust.com\/produkts\/cenforce-200mg-ultra-stark-dunkelgrau\/"},"modified":"2023-09-15T11:34:22","modified_gmt":"2023-09-15T11:34:22","slug":"cenforce-200mg-schwarz","status":"publish","type":"product","link":"https:\/\/herbal-v.com\/de\/produkts\/cenforce-200mg-schwarz\/","title":{"rendered":"CENFORCE 200MG ULTRA STARK (DUNKELGRAU)"},"content":{"rendered":"<p>Cenforce 200 mg ist derzeit das beste und am h\u00e4ufigsten verschriebene Medikament gegen Erektionsst\u00f6rungen (ED)<\/p>\n<p><strong>Was ist Cenforce 200 mg?<\/strong><\/p>\n<p>Suchen Sie nach einer L\u00f6sung, um Ihre Leistung im Bett zu verbessern? Wenn Sie online nach L\u00f6sungen suchen, wie Sie die verlorene Freude an Ihrem Eheleben zur\u00fcckgewinnen k\u00f6nnen? Keine Sorge, es ist der Name des Schicksals, der Sie zu diesem Artikel gef\u00fchrt hat.<\/p>\n<p>Cenforce 150 mg ist derzeit das beste und am h\u00e4ufigsten verschriebene Medikament gegen Erektionsst\u00f6rungen (ED). Aber was sind die Merkmale, die sich bei Cenforce 200 mg bew\u00e4hrt haben? Warum ist die erste Wahl der ED-Experten diese Pille? Sp\u00e4ter in diesem Artikel werden wir Cenforce 200 mg im Detail besprechen.<\/p>\n<p>Bis jetzt haben Tausende von M\u00e4nnern in allen L\u00e4ndern und Kontinenten von der regelm\u00e4\u00dfigen und regelm\u00e4\u00dfigen Einnahme dieser Pille profitiert. Wenn Sie online nach Pillen zur Behandlung von ED suchen, erhalten Sie mit einem Klick Hunderte von Pillen und deren Markennamen. Machen Sie sich keine Sorgen, wenn Sie Cenforce 200 mg in dieser Liste finden, denn man kann ihm blind vertrauen.<\/p>\n<p><strong>Hersteller<\/strong><\/p>\n<p>Das Medikament Cenforce 200mg wird seit 2006 von Centurion Laboratories, einem Arzneimittelhersteller im Bundesstaat Gujarat, hergestellt und verkauft.<\/p>\n<p>In der Herstellung von Indien hat das Pharmakapital Centurion Laboratories einen bedeutenden Anteil.<\/p>\n<p><strong>Wie wird Cenforce 200 mg angewendet?<\/strong><\/p>\n<p>Die prim\u00e4re und auch sekund\u00e4re Verwendung von Cenforce 200 mg ist es, den Menschen zu helfen, Erektionsst\u00f6rungen von ihren Wurzeln her loszuwerden.<\/p>\n<p>Erektile Dysfunktion ist eine Erkrankung, die sich im Vergleich zu Krebs oder Geschlechtskrankheiten viel schneller verbreitet hat. Dies hat zu einer gro\u00dfen Nachfrage nach dieser Pille und anderen Medikamenten dieser Art gef\u00fchrt.<\/p>\n<p><strong>Wie wirkt Cenforce 200 mg?<\/strong><\/p>\n<p>Erektile Dysfunktion ist im Grunde genommen ein Problem der Blutzirkulation in unserem K\u00f6rper. W\u00e4hrend der sexuellen Erregung wird der Penis stark durchblutet, so dass er erigiert. Wenn der Penis aus irgendeinem Grund nicht ausreichend mit Blut versorgt wird, ist auch die Erektion reduziert.<\/p>\n<p>Die Unterbrechung des Blutflusses zum Penis kann verschiedene Ursachen haben. Es kann sich um Rauchen, Trinken, Drogenmissbrauch, Verletzungen oder Nebenwirkungen eines Medikaments handeln.<\/p>\n<p>Um dieses Problem zu l\u00f6sen, entspannt Sidenafil Citrate, der Hauptbestandteil von Cenforce 200 mg, die Muskeln in der Penisregion. Die Blutgef\u00e4\u00dfe des Penis sind erweitert, um eine gro\u00dfe Menge an Blut zu speichern. Insgesamt wird eine Situation geschaffen, in der sichergestellt ist, dass das Blut auf seinem Weg zum Penis kein Hindernis findet.<\/p>\n<p>Ein weiteres Problem ist die Aufrechterhaltung der Erektion \u00fcber einen l\u00e4ngeren Zeitraum. Dazu schr\u00e4nkt Sildenafil Citrate den Spiegel von PDE5 (Phosphodiesterase Typ 5) im K\u00f6rper ein. Sildenafil Citrat bewirkt, dass der Penis nach dem Geschlechtsverkehr nicht mehr erigiert. Daher m\u00fcssen Menschen, die Cenforce 200 mg einnehmen, mit einer verl\u00e4ngerten Erektion rechnen.<\/p>\n<p><strong>Wie nehmen Sie Cenforce 200 mg ein?<\/strong><\/p>\n<p>Die Einnahme von Cenforce 200 mg ist recht einfach und leicht, aber einige Ma\u00dfnahmen m\u00fcssen befolgt werden.<\/p>\n<p>Nehmen Sie 1 Tablette mit einem Glas Wasser ein und schlucken Sie sie.<\/p>\n<p>Achten Sie darauf, die Tabletten nicht zu kauen oder zu zerkleinern.<\/p>\n<p>Die Fl\u00fcssigkeit, mit der Sie das Medikament zu sich nehmen, sollte nur normales Wasser sein. Der Konsum von anderen Getr\u00e4nken wie Alkohol und Fruchts\u00e4ften kann unbekannte Reaktionen ausl\u00f6sen.<\/p>\n<p>Nehmen Sie die Pille etwa 30 Minuten, bevor Sie sich f\u00fcr sexuelle Handlungen bereit machen. Dies ist ein h\u00e4ufiger Zweifel in den K\u00f6pfen der M\u00e4nner, dass die Pille nicht wirkt.<\/p>\n<p>Sie verstehen nicht, dass Pillen ihre eigene Zeit brauchen, um aufgenommen zu werden und die Erektion des Penis auszul\u00f6sen. Und vor allem wirken diese Pille und andere Pillen nur, wenn der K\u00f6rper bereits erregt ist.<\/p>\n<p>Diese Pillen helfen bei der Erektion des Penis, aber sie sind keine Stimulanzien. Der Ansto\u00df zum Sexualtrieb sollte von Ihrer Seite kommen.<\/p>\n","protected":false},"excerpt":{"rendered":"<p>Cenforce 200 mg ist derzeit das beste und am h\u00e4ufigsten verschriebene Medikament gegen Erektionsst\u00f6rungen (ED) Was ist Cenforce 200 mg? Suchen Sie nach einer L\u00f6sung, um Ihre Leistung im Bett&hellip;<\/p>\n","protected":false},"featured_media":5896,"comment_status":"closed","ping_status":"closed","template":"","meta":[],"product_brand":[],"product_cat":[279],"product_tag":[],"class_list":{"0":"post-6281","1":"product","2":"type-product","3":"status-publish","4":"has-post-thumbnail","6":"product_cat-sildenafil-tabletten","8":"first","9":"instock","10":"shipping-taxable","11":"purchasable","12":"product-type-variable"},"_links":{"self":[{"href":"https:\/\/herbal-v.com\/de\/wp-json\/wp\/v2\/product\/6281","targetHints":{"allow":["GET"]}}],"collection":[{"href":"https:\/\/herbal-v.com\/de\/wp-json\/wp\/v2\/product"}],"about":[{"href":"https:\/\/herbal-v.com\/de\/wp-json\/wp\/v2\/types\/product"}],"replies":[{"embeddable":true,"href":"https:\/\/herbal-v.com\/de\/wp-json\/wp\/v2\/comments?post=6281"}],"wp:featuredmedia":[{"embeddable":true,"href":"https:\/\/herbal-v.com\/de\/wp-json\/wp\/v2\/media\/5896"}],"wp:attachment":[{"href":"https:\/\/herbal-v.com\/de\/wp-json\/wp\/v2\/media?parent=6281"}],"wp:term":[{"taxonomy":"product_brand","embeddable":true,"href":"https:\/\/herbal-v.com\/de\/wp-json\/wp\/v2\/product_brand?post=6281"},{"taxonomy":"product_cat","embeddable":true,"href":"https:\/\/herbal-v.com\/de\/wp-json\/wp\/v2\/product_cat?post=6281"},{"taxonomy":"product_tag","embeddable":true,"href":"https:\/\/herbal-v.com\/de\/wp-json\/wp\/v2\/product_tag?post=6281"}],"curies":[{"name":"wp","href":"https:\/\/api.w.org\/{rel}","templated":true}]}}